{"id":3,"date":"2021-09-15T12:03:10","date_gmt":"2021-09-15T10:03:10","guid":{"rendered":"https:\/\/onlybio.life\/en\/?page_id=3"},"modified":"2022-04-28T10:16:58","modified_gmt":"2022-04-28T08:16:58","slug":"privacy-policy","status":"publish","type":"page","link":"https:\/\/onlybio.life\/en\/privacy-policy\/","title":{"rendered":"Privacy policy"},"content":{"rendered":"<p><strong>Privacy policy<\/strong><\/p>\n<p>In theis privacy policy, we explain the rules for the processing of your personal data and present your rights in this regard.<br \/>\nPersonal data controller<br \/>\nThe administrator of personal data is Onlubio.life Sp\u00f3\u0142ka Akcyjna with its registered office in Bydgoszcz at the following address: ul. Jak\u00f3ba Hechli\u0144skiego 6, 85-825 Bydgoszcz (hereinafter:ONLYBIO).<\/p>\n<p><strong>Legal basis<\/strong><\/p>\n<p>ONLYBIO processes your personal data in compliance with the provisions of the law on the protection of personal data resulting from, inter alia, Regulation (EU) 2016\/679 of the European Parliament and of the Council of 27 April 2016 on the protection of individuals with regard to the processing of personal data and on the free movement of such data, and repealing Directive 95\/46\/EC (\u201cGDPR\u201d) and the Act of May 10, 2018 on the Protection of Personal Data (Journal of Laws of 2018, item 1000).<\/p>\n<p><strong>Contact details<\/strong><\/p>\n<p>In all matters regarding the processing of personal data at ONLYBIO, please contact us by e-mail: onlybio@onlybio.life or by letter to the following address: Jak\u00f3ba Hechli\u0144skiego 6, 85-825 Bydgoszcz.<\/p>\n<p><strong>The scope of personal data processing<\/strong><\/p>\n<p>ONLYBIO processes personal data in connection with the performance of its business activity.<br \/>\nThe scope and form of personal data processing as part of the services provided by ONLYBIO are regulated individually in contracts concluded with customers, or result from the general terms and conditions of providing services by ONLYBIO.<\/p>\n<p><strong>Purposes of processing personal data<\/strong><\/p>\n<p>ONLYBIO processes personal data for purposes resulting from the legitimate interests pursued by ONLYBIO, such as: providing services to clients, implementing contracts concluded by ONLYBIO, cooperation with suppliers and other entities cooperating with ONLYBIO, recruiting people interested in work, ensuring ICT security.<br \/>\nONLYBIO processes personal data also in order to fulfill the legal obligations incumbent on ONLYBIO.<\/p>\n<p><strong>Permissions<\/strong><\/p>\n<p>You have the following rights: the right to access your personal data, the right to rectify, delete or limit processing and the right to transfer data, the right to withdraw consent to the processing of personal data and the right to lodge a complaint with the President of the Personal Data Protection Office in connection with processing personal data by ONLYBIO.<br \/>\nThe processing of personal data is carried out in accordance with the principle of consent. Refusing to provide personal data or requesting its removal may prevent ONLYBIO from contacting you.<br \/>\nWithdrawal of consent to the processing of personal data will not affect the processing of data that took place before its withdrawal.<br \/>\nThe provision of commercial information is subject to your consent.<\/p>\n<p><strong>Processing period<\/strong><\/p>\n<p>Personal data will be processed until the conclusion of legitimately related business conducted by ONLYBIO or until the expiry of the limitation periods resulting from the concluded contract or the expiry of obligations under the law or until an objection to the processing of personal data by ONLYBIO is raised.<\/p>\n<p><strong>Transferring personal data to other entities<\/strong><\/p>\n<p>The recipients of your personal data may be entities directly or indirectly related to ONLYBIO, in particular in an organizational or personal manner, which are established in one of the Member States of the European Union, external service providers (e.g. IT service providers) and entities processing data on behalf of ONLYBIO on the basis of a contract for entrusting the processing of personal data: IT specialists, statutory auditors and auditors as well as public administration bodies.<br \/>\nONLYBIO, entrusting the processing of your personal data to the above-mentioned entities, will oblige them to maintain the confidentiality of your personal data and to process them in accordance with the provisions on the protection of personal data.<br \/>\nYour personal data is not transferred to countries outside the European Union. In the event of transfer of personal data to third countries, ONLYBIO will take appropriate measures to ensure their security.<\/p>\n<p><strong>Profiling<\/strong><\/p>\n<p>Personal data processed by ONLYBIO are not subject to profiling.<\/p>\n<p><strong>Changes to the privacy policy<\/strong><\/p>\n<p>Changes to the ONLYBIO privacy policy will be published on the ONLYBIO website. We kindly ask you to check our website regularly for the current privacy policy.<\/p>\n","protected":false},"excerpt":{"rendered":"<p>Privacy policy In theis privacy policy, we explain the rules for the processing of your personal data and present your rights in this regard. Personal data controller The administrator of personal data is Onlubio.life Sp\u00f3\u0142ka Akcyjna with its registered office in Bydgoszcz at the following address: ul. Jak\u00f3ba Hechli\u0144skiego 6, 85-825 Bydgoszcz (hereinafter:ONLYBIO). Legal basis [&hellip;]<\/p>\n","protected":false},"author":1,"featured_media":0,"parent":0,"menu_order":0,"comment_status":"closed","ping_status":"open","template":"","meta":{"inline_featured_image":false,"footnotes":""},"acf":[],"yoast_head":"<!-- This site is optimized with the Yoast SEO plugin v18.6 - https:\/\/yoast.com\/wordpress\/plugins\/seo\/ -->\n<title>Privacy policy - Onlybio<\/title>\n<meta name=\"robots\" content=\"index, follow, max-snippet:-1, max-image-preview:large, max-video-preview:-1\" \/>\n<link rel=\"canonical\" href=\"https:\/\/onlybio.life\/en\/privacy-policy\/\" \/>\n<meta property=\"og:locale\" content=\"pl_PL\" \/>\n<meta property=\"og:type\" content=\"article\" \/>\n<meta property=\"og:title\" content=\"Privacy policy - Onlybio\" \/>\n<meta property=\"og:description\" content=\"Privacy policy In theis privacy policy, we explain the rules for the processing of your personal data and present your rights in this regard. Personal data controller The administrator of personal data is Onlubio.life Sp\u00f3\u0142ka Akcyjna with its registered office in Bydgoszcz at the following address: ul. Jak\u00f3ba Hechli\u0144skiego 6, 85-825 Bydgoszcz (hereinafter:ONLYBIO). Legal basis [&hellip;]\" \/>\n<meta property=\"og:url\" content=\"https:\/\/onlybio.life\/en\/privacy-policy\/\" \/>\n<meta property=\"og:site_name\" content=\"Onlybio\" \/>\n<meta property=\"article:modified_time\" content=\"2022-04-28T08:16:58+00:00\" \/>\n<meta name=\"twitter:card\" content=\"summary_large_image\" \/>\n<meta name=\"twitter:label1\" content=\"Szacowany czas czytania\" \/>\n\t<meta name=\"twitter:data1\" content=\"3 minuty\" \/>\n<script type=\"application\/ld+json\" class=\"yoast-schema-graph\">{\"@context\":\"https:\/\/schema.org\",\"@graph\":[{\"@type\":\"WebSite\",\"@id\":\"https:\/\/onlybio.life\/en\/#website\",\"url\":\"https:\/\/onlybio.life\/en\/\",\"name\":\"Onlybio\",\"description\":\"Certified natural washing and care cosmetics consisting of at least 99% ingredients of natural origin. Washing and care cosmetics safe for babies, children and adults.\",\"potentialAction\":[{\"@type\":\"SearchAction\",\"target\":{\"@type\":\"EntryPoint\",\"urlTemplate\":\"https:\/\/onlybio.life\/en\/?s={search_term_string}\"},\"query-input\":\"required name=search_term_string\"}],\"inLanguage\":\"pl-PL\"},{\"@type\":\"WebPage\",\"@id\":\"https:\/\/onlybio.life\/en\/privacy-policy\/#webpage\",\"url\":\"https:\/\/onlybio.life\/en\/privacy-policy\/\",\"name\":\"Privacy policy - Onlybio\",\"isPartOf\":{\"@id\":\"https:\/\/onlybio.life\/en\/#website\"},\"datePublished\":\"2021-09-15T10:03:10+00:00\",\"dateModified\":\"2022-04-28T08:16:58+00:00\",\"breadcrumb\":{\"@id\":\"https:\/\/onlybio.life\/en\/privacy-policy\/#breadcrumb\"},\"inLanguage\":\"pl-PL\",\"potentialAction\":[{\"@type\":\"ReadAction\",\"target\":[\"https:\/\/onlybio.life\/en\/privacy-policy\/\"]}]},{\"@type\":\"BreadcrumbList\",\"@id\":\"https:\/\/onlybio.life\/en\/privacy-policy\/#breadcrumb\",\"itemListElement\":[{\"@type\":\"ListItem\",\"position\":1,\"name\":\"Strona g\u0142\u00f3wna\",\"item\":\"https:\/\/onlybio.life\/en\/\"},{\"@type\":\"ListItem\",\"position\":2,\"name\":\"Privacy policy\"}]}]}<\/script>\n<!-- \/ Yoast SEO plugin. -->","yoast_head_json":{"title":"Privacy policy - Onlybio","robots":{"index":"index","follow":"follow","max-snippet":"max-snippet:-1","max-image-preview":"max-image-preview:large","max-video-preview":"max-video-preview:-1"},"canonical":"https:\/\/onlybio.life\/en\/privacy-policy\/","og_locale":"pl_PL","og_type":"article","og_title":"Privacy policy - Onlybio","og_description":"Privacy policy In theis privacy policy, we explain the rules for the processing of your personal data and present your rights in this regard. Personal data controller The administrator of personal data is Onlubio.life Sp\u00f3\u0142ka Akcyjna with its registered office in Bydgoszcz at the following address: ul. Jak\u00f3ba Hechli\u0144skiego 6, 85-825 Bydgoszcz (hereinafter:ONLYBIO). Legal basis [&hellip;]","og_url":"https:\/\/onlybio.life\/en\/privacy-policy\/","og_site_name":"Onlybio","article_modified_time":"2022-04-28T08:16:58+00:00","twitter_card":"summary_large_image","twitter_misc":{"Szacowany czas czytania":"3 minuty"},"schema":{"@context":"https:\/\/schema.org","@graph":[{"@type":"WebSite","@id":"https:\/\/onlybio.life\/en\/#website","url":"https:\/\/onlybio.life\/en\/","name":"Onlybio","description":"Certified natural washing and care cosmetics consisting of at least 99% ingredients of natural origin. Washing and care cosmetics safe for babies, children and adults.","potentialAction":[{"@type":"SearchAction","target":{"@type":"EntryPoint","urlTemplate":"https:\/\/onlybio.life\/en\/?s={search_term_string}"},"query-input":"required name=search_term_string"}],"inLanguage":"pl-PL"},{"@type":"WebPage","@id":"https:\/\/onlybio.life\/en\/privacy-policy\/#webpage","url":"https:\/\/onlybio.life\/en\/privacy-policy\/","name":"Privacy policy - Onlybio","isPartOf":{"@id":"https:\/\/onlybio.life\/en\/#website"},"datePublished":"2021-09-15T10:03:10+00:00","dateModified":"2022-04-28T08:16:58+00:00","breadcrumb":{"@id":"https:\/\/onlybio.life\/en\/privacy-policy\/#breadcrumb"},"inLanguage":"pl-PL","potentialAction":[{"@type":"ReadAction","target":["https:\/\/onlybio.life\/en\/privacy-policy\/"]}]},{"@type":"BreadcrumbList","@id":"https:\/\/onlybio.life\/en\/privacy-policy\/#breadcrumb","itemListElement":[{"@type":"ListItem","position":1,"name":"Strona g\u0142\u00f3wna","item":"https:\/\/onlybio.life\/en\/"},{"@type":"ListItem","position":2,"name":"Privacy policy"}]}]}},"_links":{"self":[{"href":"https:\/\/onlybio.life\/en\/wp-json\/wp\/v2\/pages\/3"}],"collection":[{"href":"https:\/\/onlybio.life\/en\/wp-json\/wp\/v2\/pages"}],"about":[{"href":"https:\/\/onlybio.life\/en\/wp-json\/wp\/v2\/types\/page"}],"author":[{"embeddable":true,"href":"https:\/\/onlybio.life\/en\/wp-json\/wp\/v2\/users\/1"}],"replies":[{"embeddable":true,"href":"https:\/\/onlybio.life\/en\/wp-json\/wp\/v2\/comments?post=3"}],"version-history":[{"count":4,"href":"https:\/\/onlybio.life\/en\/wp-json\/wp\/v2\/pages\/3\/revisions"}],"predecessor-version":[{"id":1086,"href":"https:\/\/onlybio.life\/en\/wp-json\/wp\/v2\/pages\/3\/revisions\/1086"}],"wp:attachment":[{"href":"https:\/\/onlybio.life\/en\/wp-json\/wp\/v2\/media?parent=3"}],"curies":[{"name":"wp","href":"https:\/\/api.w.org\/{rel}","templated":true}]}}